{"id":993,"date":"2024-11-19T00:24:11","date_gmt":"2024-11-19T00:24:11","guid":{"rendered":"https:\/\/abogaciacomunitaria.org\/?page_id=993"},"modified":"2025-01-15T21:17:32","modified_gmt":"2025-01-15T21:17:32","slug":"recursos","status":"publish","type":"page","link":"https:\/\/abogaciacomunitaria.org\/index.php\/recursos\/","title":{"rendered":"Recursos"},"content":{"rendered":"<p>[et_pb_section fb_built=&#8221;1&#8243; _builder_version=&#8221;4.27.4&#8243; _module_preset=&#8221;751a921b-9b46-4167-817e-5c37bf0cba43&#8243; use_background_color_gradient=&#8221;on&#8221; background_color_gradient_direction=&#8221;90deg&#8221; background_color_gradient_stops=&#8221;#8300e9 42%|rgba(255,255,255,0) 62%&#8221; background_color_gradient_overlays_image=&#8221;on&#8221; background_image=&#8221;https:\/\/abogaciacomunitaria.org\/wp-content\/uploads\/2024\/08\/IMG-20240602-WA0020.jpg&#8221; custom_padding=&#8221;10%|10%|10%|10%|true|false&#8221; hover_enabled=&#8221;0&#8243; global_colors_info=&#8221;{}&#8221; sticky_enabled=&#8221;0&#8243;][et_pb_row _builder_version=&#8221;4.27.4&#8243; _module_preset=&#8221;default&#8221; global_colors_info=&#8221;{}&#8221; width=&#8221;100%&#8221; max_width=&#8221;1280px&#8221; custom_margin=&#8221;||0px||false|false&#8221; custom_padding=&#8221;0px|0px|0px|||&#8221;][et_pb_column type=&#8221;4_4&#8243; _builder_version=&#8221;4.27.0&#8243; _module_preset=&#8221;default&#8221; global_colors_info=&#8221;{}&#8221;][et_pb_heading title=&#8221;Recursos&#8221; _builder_version=&#8221;4.27.4&#8243; _module_preset=&#8221;default&#8221; global_colors_info=&#8221;{}&#8221; hover_enabled=&#8221;0&#8243; sticky_enabled=&#8221;0&#8243; title_font=&#8221;Bree Serif||||||||&#8221; title_text_color=&#8221;#FF9600&#8243; title_font_size=&#8221;46px&#8221; title_letter_spacing=&#8221;2px&#8221; title_line_height=&#8221;1.2em&#8221; min_height=&#8221;28.4px&#8221; max_width=&#8221;642px&#8221;][\/et_pb_heading][\/et_pb_column][\/et_pb_row][\/et_pb_section][et_pb_section fb_built=&#8221;1&#8243; admin_label=&#8221;Blog&#8221; module_class=&#8221;seccion-tabs-filtrables&#8221; _builder_version=&#8221;4.27.3&#8243; _module_preset=&#8221;default&#8221; background_color=&#8221;#fff9ef&#8221; custom_padding=&#8221;0px|||||&#8221; global_colors_info=&#8221;{%22gcid-30453b96-dd74-4a60-afe6-7bbd8ca93a6b%22:%91%93}&#8221;][et_pb_row _builder_version=&#8221;4.27.2&#8243; _module_preset=&#8221;default&#8221; global_colors_info=&#8221;{}&#8221;][et_pb_column type=&#8221;4_4&#8243; _builder_version=&#8221;4.27.2&#8243; _module_preset=&#8221;default&#8221; global_colors_info=&#8221;{}&#8221;][et_pb_text _builder_version=&#8221;4.27.2&#8243; _module_preset=&#8221;default&#8221; custom_margin=&#8221;20px|||||&#8221; global_colors_info=&#8221;{}&#8221;]<\/p>\n<p><span style=\"font-weight: 400;\">En este apartado pod\u00e9s encontrar <\/span><span style=\"font-weight: 400;\">distintos<\/span>\u00a0<span style=\"font-weight: 400;\">tipos<\/span><span style=\"font-weight: 400;\"> de bibliograf\u00eda y materiales de abogac\u00eda comunitaria y empoderamiento jur\u00eddico.<\/span><\/p>\n<p>[\/et_pb_text][\/et_pb_column][\/et_pb_row][et_pb_row _builder_version=&#8221;4.27.3&#8243; _module_preset=&#8221;default&#8221; global_colors_info=&#8221;{}&#8221;][et_pb_column type=&#8221;4_4&#8243; _builder_version=&#8221;4.27.3&#8243; _module_preset=&#8221;default&#8221; global_colors_info=&#8221;{}&#8221;][et_pb_search exclude_pages=&#8221;on&#8221; include_categories=&#8221;6,9,5,4,1&#8243; placeholder=&#8221;Buscar en Recursos&#8221; _builder_version=&#8221;4.27.0&#8243; _module_preset=&#8221;default&#8221; background_color=&#8221;#FFFFFF&#8221; global_colors_info=&#8221;{}&#8221;][\/et_pb_search][et_pb_code _builder_version=&#8221;4.27.3&#8243; _module_preset=&#8221;default&#8221; global_colors_info=&#8221;{}&#8221;]<div id=\"caf-post-layout-container\" class=\"caf-post-layout-container  filter-layout1 post-layout4 data-target-div1\" data-post-type=\"post\" data-tax=\"category\" data-terms=\"10,30,31,32,28,36,35,37,33,12,38,34,11,29\" data-per-page=\"9\" data-selected-terms=\"10,30,31,32,28,36,35,37,33,12,38,34,11,29\" data-filter-id=\"1006\" data-post-layout=\"post-layout4\" data-target-div=\"data-target-div1\"><div id=\"caf-filter-layout1\" class='caf-filter-layout data-target-div1 '>\r\n    <ul class=\"caf-filter-container caf-filter-layout1\">\r\n        <li class=\"caf-mb-4\"><a href=\"#\" data-id=\"10,30,31,32,28,36,35,37,33,12,38,34,11,29\" data-main-id=\"flt\" class=\" abc active\" data-target-div=\"data-target-div1\">All<\/a><\/li><li class='caf-mb-4'><a href='#' data-id='10' data-main-id='flt' data-target-div='data-target-div1' class=''>Abogac\u00eda comunitaria y Empoderamiento Jur\u00eddico Comunitario<\/a><\/li><li class='caf-mb-4'><a href='#' data-id='30' data-main-id='flt' data-target-div='data-target-div1' class=''>Acceso a la informaci\u00f3n p\u00falica<\/a><\/li><li class='caf-mb-4'><a href='#' data-id='31' data-main-id='flt' data-target-div='data-target-div1' class=''>Acceso a la justicia<\/a><\/li><li class='caf-mb-4'><a href='#' data-id='32' data-main-id='flt' data-target-div='data-target-div1' class=''>Derecho de los consumidores<\/a><\/li><li class='caf-mb-4'><a href='#' data-id='28' data-main-id='flt' data-target-div='data-target-div1' class=''>Empresas y Derecho Humanos<\/a><\/li><li class='caf-mb-4'><a href='#' data-id='36' data-main-id='flt' data-target-div='data-target-div1' class=''>G\u00e9nero y diversidad<\/a><\/li><li class='caf-mb-4'><a href='#' data-id='35' data-main-id='flt' data-target-div='data-target-div1' class=''>Grupos vulnerabilizados<\/a><\/li><li class='caf-mb-4'><a href='#' data-id='37' data-main-id='flt' data-target-div='data-target-div1' class=''>Lenguaje claro<\/a><\/li><li class='caf-mb-4'><a href='#' data-id='33' data-main-id='flt' data-target-div='data-target-div1' class=''>Procesos colectivos y amparos<\/a><\/li><li class='caf-mb-4'><a href='#' data-id='12' data-main-id='flt' data-target-div='data-target-div1' class=''>Programas de Capacitaci\u00f3n<\/a><\/li><li class='caf-mb-4'><a href='#' data-id='38' data-main-id='flt' data-target-div='data-target-div1' class=''>Pueblo Originarios<\/a><\/li><li class='caf-mb-4'><a href='#' data-id='34' data-main-id='flt' data-target-div='data-target-div1' class=''>Salud mental<\/a><\/li><li class='caf-mb-4'><a href='#' data-id='11' data-main-id='flt' data-target-div='data-target-div1' class=''>Salud y Ambiente<\/a><\/li><li class='caf-mb-4'><a href='#' data-id='29' data-main-id='flt' data-target-div='data-target-div1' class=''>Vivienda, h\u00e1bitat y derecho a la ciudad<\/a><\/li>    <\/ul>\r\n<\/div><div id='manage-ajax-response' class='caf-row'><div class=\"status\"><i class=\"fa fa-spinner\" aria-hidden=\"true\"><\/i><\/div><div class=\"content\"><\/div><\/div><\/div>[\/et_pb_code][\/et_pb_column][\/et_pb_row][\/et_pb_section]<\/p>\n","protected":false},"excerpt":{"rendered":"<p>En este apartado pod\u00e9s encontrar distintos\u00a0tipos de bibliograf\u00eda y materiales de abogac\u00eda comunitaria y empoderamiento jur\u00eddico.<div id=\"caf-post-layout-container\" class=\"caf-post-layout-container  filter-layout1 post-layout4 data-target-div2\" data-post-type=\"post\" data-tax=\"category\" data-terms=\"10,30,31,32,28,36,35,37,33,12,38,34,11,29\" data-per-page=\"9\" data-selected-terms=\"10,30,31,32,28,36,35,37,33,12,38,34,11,29\" data-filter-id=\"1006\" data-post-layout=\"post-layout4\" data-target-div=\"data-target-div2\"><div id=\"caf-filter-layout1\" class='caf-filter-layout data-target-div2 '>\r\n    <ul class=\"caf-filter-container caf-filter-layout1\">\r\n        <li class=\"caf-mb-4\"><a href=\"#\" data-id=\"10,30,31,32,28,36,35,37,33,12,38,34,11,29\" data-main-id=\"flt\" class=\" abc active\" data-target-div=\"data-target-div2\">All<\/a><\/li><li class='caf-mb-4'><a href='#' data-id='10' data-main-id='flt' data-target-div='data-target-div2' class=''>Abogac\u00eda comunitaria y Empoderamiento Jur\u00eddico Comunitario<\/a><\/li><li class='caf-mb-4'><a href='#' data-id='30' data-main-id='flt' data-target-div='data-target-div2' class=''>Acceso a la informaci\u00f3n p\u00falica<\/a><\/li><li class='caf-mb-4'><a href='#' data-id='31' data-main-id='flt' data-target-div='data-target-div2' class=''>Acceso a la justicia<\/a><\/li><li class='caf-mb-4'><a href='#' data-id='32' data-main-id='flt' data-target-div='data-target-div2' class=''>Derecho de los consumidores<\/a><\/li><li class='caf-mb-4'><a href='#' data-id='28' data-main-id='flt' data-target-div='data-target-div2' class=''>Empresas y Derecho Humanos<\/a><\/li><li class='caf-mb-4'><a href='#' data-id='36' data-main-id='flt' data-target-div='data-target-div2' class=''>G\u00e9nero y diversidad<\/a><\/li><li class='caf-mb-4'><a href='#' data-id='35' data-main-id='flt' data-target-div='data-target-div2' class=''>Grupos vulnerabilizados<\/a><\/li><li class='caf-mb-4'><a href='#' data-id='37' data-main-id='flt' data-target-div='data-target-div2' class=''>Lenguaje claro<\/a><\/li><li class='caf-mb-4'><a href='#' data-id='33' data-main-id='flt' data-target-div='data-target-div2' class=''>Procesos colectivos y amparos<\/a><\/li><li class='caf-mb-4'><a href='#' data-id='12' data-main-id='flt' data-target-div='data-target-div2' class=''>Programas de Capacitaci\u00f3n<\/a><\/li><li class='caf-mb-4'><a href='#' data-id='38' data-main-id='flt' data-target-div='data-target-div2' class=''>Pueblo Originarios<\/a><\/li><li class='caf-mb-4'><a href='#' data-id='34' data-main-id='flt' data-target-div='data-target-div2' class=''>Salud mental<\/a><\/li><li class='caf-mb-4'><a href='#' data-id='11' data-main-id='flt' data-target-div='data-target-div2' class=''>Salud y Ambiente<\/a><\/li><li class='caf-mb-4'><a href='#' data-id='29' data-main-id='flt' data-target-div='data-target-div2' class=''>Vivienda, h\u00e1bitat y derecho a la ciudad<\/a><\/li>    <\/ul>\r\n<\/div><div id='manage-ajax-response' class='caf-row'><div class=\"status\"><i class=\"fa fa-spinner\" aria-hidden=\"true\"><\/i><\/div><div class=\"content\"><\/div><\/div><\/div><\/p>\n","protected":false},"author":1,"featured_media":0,"parent":0,"menu_order":0,"comment_status":"closed","ping_status":"closed","template":"","meta":{"_et_pb_use_builder":"on","_et_pb_old_content":"","_et_gb_content_width":"","footnotes":""},"class_list":["post-993","page","type-page","status-publish","hentry"],"_links":{"self":[{"href":"https:\/\/abogaciacomunitaria.org\/index.php\/wp-json\/wp\/v2\/pages\/993","targetHints":{"allow":["GET"]}}],"collection":[{"href":"https:\/\/abogaciacomunitaria.org\/index.php\/wp-json\/wp\/v2\/pages"}],"about":[{"href":"https:\/\/abogaciacomunitaria.org\/index.php\/wp-json\/wp\/v2\/types\/page"}],"author":[{"embeddable":true,"href":"https:\/\/abogaciacomunitaria.org\/index.php\/wp-json\/wp\/v2\/users\/1"}],"replies":[{"embeddable":true,"href":"https:\/\/abogaciacomunitaria.org\/index.php\/wp-json\/wp\/v2\/comments?post=993"}],"version-history":[{"count":14,"href":"https:\/\/abogaciacomunitaria.org\/index.php\/wp-json\/wp\/v2\/pages\/993\/revisions"}],"predecessor-version":[{"id":1250,"href":"https:\/\/abogaciacomunitaria.org\/index.php\/wp-json\/wp\/v2\/pages\/993\/revisions\/1250"}],"wp:attachment":[{"href":"https:\/\/abogaciacomunitaria.org\/index.php\/wp-json\/wp\/v2\/media?parent=993"}],"curies":[{"name":"wp","href":"https:\/\/api.w.org\/{rel}","templated":true}]}}